{"id":143,"date":"2021-12-30T23:25:38","date_gmt":"2021-12-30T23:25:38","guid":{"rendered":"https:\/\/agbsolucions.com\/wp\/?page_id=143"},"modified":"2023-12-18T00:34:21","modified_gmt":"2023-12-18T00:34:21","slug":"soporte-tecnico-y-mesa-de-ayuda","status":"publish","type":"page","link":"https:\/\/agbsoluciones.com\/?page_id=143","title":{"rendered":"Soporte Tecnico y Mesa de Ayuda"},"content":{"rendered":"\t\t<div data-elementor-type=\"wp-page\" data-elementor-id=\"143\" class=\"elementor elementor-143\">\n\t\t\t\t\t\t\t\t\t<section class=\"elementor-section elementor-top-section elementor-element elementor-element-53025f8 elementor-section-boxed elementor-section-height-default elementor-section-height-default\" data-id=\"53025f8\" data-element_type=\"section\">\n\t\t\t\t\t\t<div class=\"elementor-container elementor-column-gap-default\">\n\t\t\t\t\t<div class=\"elementor-column elementor-col-100 elementor-top-column elementor-element elementor-element-b642602\" data-id=\"b642602\" data-element_type=\"column\">\n\t\t\t<div class=\"elementor-widget-wrap elementor-element-populated\">\n\t\t\t\t\t\t\t\t<div class=\"elementor-element elementor-element-4d44499 elementor-widget elementor-widget-heading\" data-id=\"4d44499\" data-element_type=\"widget\" data-widget_type=\"heading.default\">\n\t\t\t\t<div class=\"elementor-widget-container\">\n\t\t\t<style>\/*! elementor - v3.16.0 - 14-09-2023 *\/\n.elementor-heading-title{padding:0;margin:0;line-height:1}.elementor-widget-heading .elementor-heading-title[class*=elementor-size-]>a{color:inherit;font-size:inherit;line-height:inherit}.elementor-widget-heading .elementor-heading-title.elementor-size-small{font-size:15px}.elementor-widget-heading .elementor-heading-title.elementor-size-medium{font-size:19px}.elementor-widget-heading .elementor-heading-title.elementor-size-large{font-size:29px}.elementor-widget-heading .elementor-heading-title.elementor-size-xl{font-size:39px}.elementor-widget-heading .elementor-heading-title.elementor-size-xxl{font-size:59px}<\/style><h2 class=\"elementor-heading-title elementor-size-default\">Soporte T\u00e9cnico y Mesa de Ayuda<\/h2>\t\t<\/div>\n\t\t\t\t<\/div>\n\t\t\t\t<div class=\"elementor-element elementor-element-4bc80b5 elementor-invisible elementor-widget elementor-widget-text-editor\" data-id=\"4bc80b5\" data-element_type=\"widget\" data-settings=\"{&quot;_animation&quot;:&quot;fadeIn&quot;}\" data-widget_type=\"text-editor.default\">\n\t\t\t\t<div class=\"elementor-widget-container\">\n\t\t\t<style>\/*! elementor - v3.16.0 - 14-09-2023 *\/\n.elementor-widget-text-editor.elementor-drop-cap-view-stacked .elementor-drop-cap{background-color:#69727d;color:#fff}.elementor-widget-text-editor.elementor-drop-cap-view-framed .elementor-drop-cap{color:#69727d;border:3px solid;background-color:transparent}.elementor-widget-text-editor:not(.elementor-drop-cap-view-default) .elementor-drop-cap{margin-top:8px}.elementor-widget-text-editor:not(.elementor-drop-cap-view-default) .elementor-drop-cap-letter{width:1em;height:1em}.elementor-widget-text-editor .elementor-drop-cap{float:left;text-align:center;line-height:1;font-size:50px}.elementor-widget-text-editor .elementor-drop-cap-letter{display:inline-block}<\/style>\t\t\t\t<p><strong>Contamos con un personal t\u00e9cnico altamente calificado en help desk, estar\u00e1n all\u00ed para analizar el estado actual de sus equipos de c\u00f3mputo el software de los mismos y brindar asistencia t\u00e9cnica inform\u00e1tica, nuestro trabajo involucra el desarrollo de herramientas predictivas anteponi\u00e9ndose a las fallas, llevamos un control exhaustivo de los las soluciones aplicadas, dictamos talleres de mejores pr\u00e1cticas y uso de las herramientas inform\u00e1ticas como el office a fin de fortalecer el conocimiento del usuario final y que pueda aprovechar la variedad de entornos disponibles para su productividad laboral, siempre orientados en la mejores pr\u00e1cticas del marco\u00a0 ITIL.<\/strong><\/p>\t\t\t\t\t\t<\/div>\n\t\t\t\t<\/div>\n\t\t\t\t\t<\/div>\n\t\t<\/div>\n\t\t\t\t\t\t\t<\/div>\n\t\t<\/section>\n\t\t\t\t<section class=\"elementor-section elementor-top-section elementor-element elementor-element-2f96ec6 elementor-section-boxed elementor-section-height-default elementor-section-height-default\" data-id=\"2f96ec6\" data-element_type=\"section\">\n\t\t\t\t\t\t<div class=\"elementor-container elementor-column-gap-default\">\n\t\t\t\t\t<div class=\"elementor-column elementor-col-100 elementor-top-column elementor-element elementor-element-3f944d1\" data-id=\"3f944d1\" data-element_type=\"column\">\n\t\t\t<div class=\"elementor-widget-wrap elementor-element-populated\">\n\t\t\t\t\t\t\t\t<div class=\"elementor-element elementor-element-b5dbd94 elementor-align-center elementor-widget elementor-widget-button\" data-id=\"b5dbd94\" data-element_type=\"widget\" data-widget_type=\"button.default\">\n\t\t\t\t<div class=\"elementor-widget-container\">\n\t\t\t\t\t<div class=\"elementor-button-wrapper\">\n\t\t\t<a class=\"elementor-button elementor-button-link elementor-size-sm\" href=\"https:\/\/agbsoluciones.com\">\n\t\t\t\t\t\t<span class=\"elementor-button-content-wrapper\">\n\t\t\t\t\t\t<span class=\"elementor-button-text\">Volver<\/span>\n\t\t<\/span>\n\t\t\t\t\t<\/a>\n\t\t<\/div>\n\t\t\t\t<\/div>\n\t\t\t\t<\/div>\n\t\t\t\t\t<\/div>\n\t\t<\/div>\n\t\t\t\t\t\t\t<\/div>\n\t\t<\/section>\n\t\t\t\t<section class=\"elementor-section elementor-top-section elementor-element elementor-element-6f1ff8c elementor-section-boxed elementor-section-height-default elementor-section-height-default\" data-id=\"6f1ff8c\" data-element_type=\"section\">\n\t\t\t\t\t\t<div class=\"elementor-container elementor-column-gap-default\">\n\t\t\t\t\t<div class=\"elementor-column elementor-col-100 elementor-top-column elementor-element elementor-element-7e510f3\" data-id=\"7e510f3\" data-element_type=\"column\">\n\t\t\t<div class=\"elementor-widget-wrap elementor-element-populated\">\n\t\t\t\t\t\t\t\t<div class=\"elementor-element elementor-element-47f987d elementor-widget elementor-widget-image\" data-id=\"47f987d\" data-element_type=\"widget\" data-widget_type=\"image.default\">\n\t\t\t\t<div class=\"elementor-widget-container\">\n\t\t\t<style>\/*! elementor - v3.16.0 - 14-09-2023 *\/\n.elementor-widget-image{text-align:center}.elementor-widget-image a{display:inline-block}.elementor-widget-image a img[src$=\".svg\"]{width:48px}.elementor-widget-image img{vertical-align:middle;display:inline-block}<\/style>\t\t\t\t\t\t\t\t\t\t\t\t<img loading=\"lazy\" decoding=\"async\" width=\"495\" height=\"676\" src=\"https:\/\/agbsoluciones.com\/wp-content\/uploads\/2023\/12\/soporte_imagen3.png\" class=\"attachment-medium_large size-medium_large wp-image-702\" alt=\"\" srcset=\"https:\/\/agbsoluciones.com\/wp-content\/uploads\/2023\/12\/soporte_imagen3.png 495w, https:\/\/agbsoluciones.com\/wp-content\/uploads\/2023\/12\/soporte_imagen3-220x300.png 220w\" sizes=\"auto, (max-width: 495px) 100vw, 495px\" \/>\t\t\t\t\t\t\t\t\t\t\t\t\t\t\t<\/div>\n\t\t\t\t<\/div>\n\t\t\t\t<div class=\"elementor-element elementor-element-84b7932 elementor-widget elementor-widget-image\" data-id=\"84b7932\" data-element_type=\"widget\" data-widget_type=\"image.default\">\n\t\t\t\t<div class=\"elementor-widget-container\">\n\t\t\t\t\t\t\t\t\t\t\t\t\t\t\t<img loading=\"lazy\" decoding=\"async\" width=\"418\" height=\"275\" src=\"https:\/\/agbsoluciones.com\/wp-content\/uploads\/2022\/01\/helpdesk2.jpg\" class=\"attachment-large size-large wp-image-337\" alt=\"\" srcset=\"https:\/\/agbsoluciones.com\/wp-content\/uploads\/2022\/01\/helpdesk2.jpg 418w, https:\/\/agbsoluciones.com\/wp-content\/uploads\/2022\/01\/helpdesk2-300x197.jpg 300w\" sizes=\"auto, (max-width: 418px) 100vw, 418px\" \/>\t\t\t\t\t\t\t\t\t\t\t\t\t\t\t<\/div>\n\t\t\t\t<\/div>\n\t\t\t\t\t<\/div>\n\t\t<\/div>\n\t\t\t\t\t\t\t<\/div>\n\t\t<\/section>\n\t\t\t\t\t\t\t<\/div>\n\t\t","protected":false},"excerpt":{"rendered":"<p>Soporte T\u00e9cnico y Mesa de Ayuda Contamos con un personal t\u00e9cnico altamente calificado en help desk, estar\u00e1n all\u00ed para analizar el estado actual de sus equipos de c\u00f3mputo el software de los mismos y brindar asistencia t\u00e9cnica inform\u00e1tica, nuestro trabajo involucra el desarrollo de herramientas predictivas anteponi\u00e9ndose a las fallas, llevamos un control exhaustivo de &hellip;<\/p>\n<p class=\"read-more\"> <a class=\"\" href=\"https:\/\/agbsoluciones.com\/?page_id=143\"> <span class=\"screen-reader-text\">Soporte Tecnico y Mesa de Ayuda<\/span> Leer m\u00e1s &raquo;<\/a><\/p>\n","protected":false},"author":1,"featured_media":0,"parent":0,"menu_order":0,"comment_status":"closed","ping_status":"closed","template":"","meta":{"site-sidebar-layout":"no-sidebar","site-content-layout":"page-builder","ast-main-header-display":"","ast-hfb-above-header-display":"","ast-hfb-below-header-display":"","ast-hfb-mobile-header-display":"","site-post-title":"disabled","ast-breadcrumbs-content":"","ast-featured-img":"disabled","footer-sml-layout":"","theme-transparent-header-meta":"","adv-header-id-meta":"","stick-header-meta":"","header-above-stick-meta":"","header-main-stick-meta":"","header-below-stick-meta":"","footnotes":""},"class_list":["post-143","page","type-page","status-publish","hentry"],"_links":{"self":[{"href":"https:\/\/agbsoluciones.com\/index.php?rest_route=\/wp\/v2\/pages\/143","targetHints":{"allow":["GET"]}}],"collection":[{"href":"https:\/\/agbsoluciones.com\/index.php?rest_route=\/wp\/v2\/pages"}],"about":[{"href":"https:\/\/agbsoluciones.com\/index.php?rest_route=\/wp\/v2\/types\/page"}],"author":[{"embeddable":true,"href":"https:\/\/agbsoluciones.com\/index.php?rest_route=\/wp\/v2\/users\/1"}],"replies":[{"embeddable":true,"href":"https:\/\/agbsoluciones.com\/index.php?rest_route=%2Fwp%2Fv2%2Fcomments&post=143"}],"version-history":[{"count":73,"href":"https:\/\/agbsoluciones.com\/index.php?rest_route=\/wp\/v2\/pages\/143\/revisions"}],"predecessor-version":[{"id":715,"href":"https:\/\/agbsoluciones.com\/index.php?rest_route=\/wp\/v2\/pages\/143\/revisions\/715"}],"wp:attachment":[{"href":"https:\/\/agbsoluciones.com\/index.php?rest_route=%2Fwp%2Fv2%2Fmedia&parent=143"}],"curies":[{"name":"wp","href":"https:\/\/api.w.org\/{rel}","templated":true}]}}